{"id":37014,"date":"2026-05-07T11:36:14","date_gmt":"2026-05-07T11:36:14","guid":{"rendered":"https:\/\/wearsongs.com\/?post_type=product&#038;p=37014"},"modified":"2026-05-14T11:36:50","modified_gmt":"2026-05-14T11:36:50","slug":"body-bebe-izal-pequena-gran-revolucion","status":"publish","type":"product","link":"https:\/\/wearsongs.com\/?product=body-bebe-izal-pequena-gran-revolucion","title":{"rendered":"BODY BEB\u00c9 IZAL &#8211; PEQUE\u00d1A GRAN REVOLUCI\u00d3N"},"content":{"rendered":"<p><iframe data-testid=\"embed-iframe\" style=\"border-radius:12px\" src=\"https:\/\/open.spotify.com\/embed\/track\/0CpOanyNd3l3X1Nqkyd6TB?utm_source=generator\" width=\"100%\" height=\"152\" frameBorder=\"0\" allowfullscreen=\"\" allow=\"autoplay; clipboard-write; encrypted-media; fullscreen; picture-in-picture\" loading=\"lazy\"><\/iframe><\/p>\n","protected":false},"excerpt":{"rendered":"<p>BODY BEB\u00c9 MANGA CORTA, IMPRESO EN PECHO<\/p>\n","protected":false},"featured_media":36880,"comment_status":"closed","ping_status":"closed","template":"","meta":{"_et_pb_use_builder":"","_et_pb_old_content":"","_et_gb_content_width":""},"product_brand":[],"product_cat":[56],"product_tag":[],"class_list":{"0":"post-37014","1":"product","2":"type-product","3":"status-publish","4":"has-post-thumbnail","6":"product_cat-baby","7":"pa_modelo-baby","8":"pa_talla-12m","9":"pa_talla-18m","10":"pa_talla-3m","11":"pa_talla-6m","12":"pa_talla-9m","14":"first","15":"instock","16":"purchasable","17":"product-type-variable"},"_links":{"self":[{"href":"https:\/\/wearsongs.com\/index.php?rest_route=\/wp\/v2\/product\/37014","targetHints":{"allow":["GET"]}}],"collection":[{"href":"https:\/\/wearsongs.com\/index.php?rest_route=\/wp\/v2\/product"}],"about":[{"href":"https:\/\/wearsongs.com\/index.php?rest_route=\/wp\/v2\/types\/product"}],"replies":[{"embeddable":true,"href":"https:\/\/wearsongs.com\/index.php?rest_route=%2Fwp%2Fv2%2Fcomments&post=37014"}],"wp:featuredmedia":[{"embeddable":true,"href":"https:\/\/wearsongs.com\/index.php?rest_route=\/wp\/v2\/media\/36880"}],"wp:attachment":[{"href":"https:\/\/wearsongs.com\/index.php?rest_route=%2Fwp%2Fv2%2Fmedia&parent=37014"}],"wp:term":[{"taxonomy":"product_brand","embeddable":true,"href":"https:\/\/wearsongs.com\/index.php?rest_route=%2Fwp%2Fv2%2Fproduct_brand&post=37014"},{"taxonomy":"product_cat","embeddable":true,"href":"https:\/\/wearsongs.com\/index.php?rest_route=%2Fwp%2Fv2%2Fproduct_cat&post=37014"},{"taxonomy":"product_tag","embeddable":true,"href":"https:\/\/wearsongs.com\/index.php?rest_route=%2Fwp%2Fv2%2Fproduct_tag&post=37014"}],"curies":[{"name":"wp","href":"https:\/\/api.w.org\/{rel}","templated":true}]}}