{"id":34353,"date":"2026-01-21T12:57:19","date_gmt":"2026-01-21T12:57:19","guid":{"rendered":"https:\/\/wearsongs.com\/?post_type=product&#038;p=34353"},"modified":"2026-01-23T11:16:18","modified_gmt":"2026-01-23T11:16:18","slug":"body-bebe-arde-bogota-la-salvacion-beso","status":"publish","type":"product","link":"https:\/\/wearsongs.com\/?product=body-bebe-arde-bogota-la-salvacion-beso","title":{"rendered":"BODY BEB\u00c9 ARDE BOGOT\u00c1 &#8211; LA SALVACI\u00d3N (BESO)"},"content":{"rendered":"<p><iframe loading=\"lazy\" style=\"border-radius: 12px;\" src=\"https:\/\/open.spotify.com\/embed\/track\/0txzIz1WcoAn6m07xypcD5?utm_source=generator\" width=\"100%\" height=\"152\" frameborder=\"0\" allowfullscreen=\"allowfullscreen\"><\/iframe><\/p>\n","protected":false},"excerpt":{"rendered":"<p>BODY BEB\u00c9 MANGA CORTA, IMPRESO EN PECHO<\/p>\n","protected":false},"featured_media":34222,"comment_status":"closed","ping_status":"closed","template":"","meta":{"_et_pb_use_builder":"","_et_pb_old_content":"","_et_gb_content_width":""},"product_brand":[],"product_cat":[56,29],"product_tag":[],"class_list":{"0":"post-34353","1":"product","2":"type-product","3":"status-publish","4":"has-post-thumbnail","6":"product_cat-baby","7":"product_cat-rock-e-indie-con-n","8":"pa_modelo-baby","9":"pa_talla-12m","10":"pa_talla-18m","11":"pa_talla-3m","12":"pa_talla-6m","13":"pa_talla-9m","15":"first","16":"instock","17":"purchasable","18":"product-type-variable"},"_links":{"self":[{"href":"https:\/\/wearsongs.com\/index.php?rest_route=\/wp\/v2\/product\/34353","targetHints":{"allow":["GET"]}}],"collection":[{"href":"https:\/\/wearsongs.com\/index.php?rest_route=\/wp\/v2\/product"}],"about":[{"href":"https:\/\/wearsongs.com\/index.php?rest_route=\/wp\/v2\/types\/product"}],"replies":[{"embeddable":true,"href":"https:\/\/wearsongs.com\/index.php?rest_route=%2Fwp%2Fv2%2Fcomments&post=34353"}],"wp:featuredmedia":[{"embeddable":true,"href":"https:\/\/wearsongs.com\/index.php?rest_route=\/wp\/v2\/media\/34222"}],"wp:attachment":[{"href":"https:\/\/wearsongs.com\/index.php?rest_route=%2Fwp%2Fv2%2Fmedia&parent=34353"}],"wp:term":[{"taxonomy":"product_brand","embeddable":true,"href":"https:\/\/wearsongs.com\/index.php?rest_route=%2Fwp%2Fv2%2Fproduct_brand&post=34353"},{"taxonomy":"product_cat","embeddable":true,"href":"https:\/\/wearsongs.com\/index.php?rest_route=%2Fwp%2Fv2%2Fproduct_cat&post=34353"},{"taxonomy":"product_tag","embeddable":true,"href":"https:\/\/wearsongs.com\/index.php?rest_route=%2Fwp%2Fv2%2Fproduct_tag&post=34353"}],"curies":[{"name":"wp","href":"https:\/\/api.w.org\/{rel}","templated":true}]}}