{"id":33865,"date":"2026-01-21T12:02:57","date_gmt":"2026-01-21T12:02:57","guid":{"rendered":"https:\/\/wearsongs.com\/?post_type=product&#038;p=33865"},"modified":"2026-01-23T12:38:19","modified_gmt":"2026-01-23T12:38:19","slug":"body-bebe-love-of-lesbian-ejercito-de-salvacion","status":"publish","type":"product","link":"https:\/\/wearsongs.com\/?product=body-bebe-love-of-lesbian-ejercito-de-salvacion","title":{"rendered":"BODY BEB\u00c9 LOVE OF LESBIAN &#8211; EJ\u00c9RCITO DE SALVACI\u00d3N"},"content":{"rendered":"<p><iframe loading=\"lazy\" style=\"border-radius: 12px;\" src=\"https:\/\/open.spotify.com\/embed\/track\/2MPORXNDzuxpNTbjzgA0tT?si=BYypu_KDTkG0vNMmz9Lp8wutm_source=generator\" width=\"100%\" height=\"152\" frameborder=\"0\" allowfullscreen=\"allowfullscreen\"><span data-mce-type=\"bookmark\" style=\"display: inline-block; width: 0px; overflow: hidden; line-height: 0;\" class=\"mce_SELRES_start\">\ufeff<\/span><span data-mce-type=\"bookmark\" style=\"display: inline-block; width: 0px; overflow: hidden; line-height: 0;\" class=\"mce_SELRES_start\">\ufeff<\/span><span data-mce-type=\"bookmark\" style=\"display: inline-block; width: 0px; overflow: hidden; line-height: 0;\" class=\"mce_SELRES_start\">\ufeff<\/span><span data-mce-type=\"bookmark\" style=\"display: inline-block; width: 0px; overflow: hidden; line-height: 0;\" class=\"mce_SELRES_start\">\ufeff<\/span><span data-mce-type=\"bookmark\" style=\"display: inline-block; width: 0px; overflow: hidden; line-height: 0;\" class=\"mce_SELRES_start\">\ufeff<\/span><\/iframe><\/p>\n","protected":false},"excerpt":{"rendered":"<p>BODY BEB\u00c9 MANGA CORTA, IMPRESO EN PECHO<\/p>\n","protected":false},"featured_media":33780,"comment_status":"closed","ping_status":"closed","template":"","meta":{"_et_pb_use_builder":"","_et_pb_old_content":"","_et_gb_content_width":""},"product_brand":[],"product_cat":[56,29],"product_tag":[],"class_list":{"0":"post-33865","1":"product","2":"type-product","3":"status-publish","4":"has-post-thumbnail","6":"product_cat-baby","7":"product_cat-rock-e-indie-con-n","8":"pa_modelo-baby","9":"pa_talla-12m","10":"pa_talla-18m","11":"pa_talla-3m","12":"pa_talla-6m","13":"pa_talla-9m","15":"first","16":"instock","17":"purchasable","18":"product-type-variable"},"_links":{"self":[{"href":"https:\/\/wearsongs.com\/index.php?rest_route=\/wp\/v2\/product\/33865","targetHints":{"allow":["GET"]}}],"collection":[{"href":"https:\/\/wearsongs.com\/index.php?rest_route=\/wp\/v2\/product"}],"about":[{"href":"https:\/\/wearsongs.com\/index.php?rest_route=\/wp\/v2\/types\/product"}],"replies":[{"embeddable":true,"href":"https:\/\/wearsongs.com\/index.php?rest_route=%2Fwp%2Fv2%2Fcomments&post=33865"}],"wp:featuredmedia":[{"embeddable":true,"href":"https:\/\/wearsongs.com\/index.php?rest_route=\/wp\/v2\/media\/33780"}],"wp:attachment":[{"href":"https:\/\/wearsongs.com\/index.php?rest_route=%2Fwp%2Fv2%2Fmedia&parent=33865"}],"wp:term":[{"taxonomy":"product_brand","embeddable":true,"href":"https:\/\/wearsongs.com\/index.php?rest_route=%2Fwp%2Fv2%2Fproduct_brand&post=33865"},{"taxonomy":"product_cat","embeddable":true,"href":"https:\/\/wearsongs.com\/index.php?rest_route=%2Fwp%2Fv2%2Fproduct_cat&post=33865"},{"taxonomy":"product_tag","embeddable":true,"href":"https:\/\/wearsongs.com\/index.php?rest_route=%2Fwp%2Fv2%2Fproduct_tag&post=33865"}],"curies":[{"name":"wp","href":"https:\/\/api.w.org\/{rel}","templated":true}]}}