{"id":24331,"date":"2024-11-26T17:51:24","date_gmt":"2024-11-26T17:51:24","guid":{"rendered":"https:\/\/wearsongs.merkadoweb.es\/?page_id=24331"},"modified":"2024-12-05T08:27:21","modified_gmt":"2024-12-05T08:27:21","slug":"quienes-somos","status":"publish","type":"page","link":"https:\/\/wearsongs.com\/?page_id=24331","title":{"rendered":"Quienes somos"},"content":{"rendered":"<p>[et_pb_section fb_built=\u00bb1&#8243; _builder_version=\u00bb4.27.3&#8243; _module_preset=\u00bbdefault\u00bb background_image=\u00bbhttps:\/\/wearsongs.com\/wp-content\/uploads\/2024\/11\/WS.png\u00bb background_position=\u00bbbottom_center\u00bb width=\u00bb100%\u00bb module_alignment=\u00bbcenter\u00bb custom_margin=\u00bb|0px||0px|false|true\u00bb custom_padding=\u00bb86px|0px|86px|0px|true|true\u00bb animation_style=\u00bbfade\u00bb border_color_right=\u00bb#FFFFFF\u00bb border_color_left=\u00bb#FFFFFF\u00bb border_width_right_tablet=\u00bb20px\u00bb border_width_right_phone=\u00bb10px\u00bb border_width_right_last_edited=\u00bbon|phone\u00bb border_width_left_tablet=\u00bb20px\u00bb border_width_left_phone=\u00bb10px\u00bb border_width_left_last_edited=\u00bbon|phone\u00bb global_colors_info=\u00bb{}\u00bb][et_pb_row use_custom_gutter=\u00bbon\u00bb gutter_width=\u00bb2&#8243; make_equal=\u00bbon\u00bb _builder_version=\u00bb4.27.3&#8243; _module_preset=\u00bbdefault\u00bb width=\u00bb90%\u00bb width_tablet=\u00bb90%\u00bb width_phone=\u00bb90%\u00bb width_last_edited=\u00bbon|tablet\u00bb max_width=\u00bb1170px\u00bb max_width_tablet=\u00bb90%\u00bb max_width_phone=\u00bb90%\u00bb max_width_last_edited=\u00bbon|desktop\u00bb custom_margin=\u00bb|auto|63px|auto|false|false\u00bb custom_padding=\u00bb0px||0px||true|false\u00bb animation_style=\u00bbzoom\u00bb global_colors_info=\u00bb{}\u00bb][et_pb_column type=\u00bb4_4&#8243; _builder_version=\u00bb4.27.3&#8243; _module_preset=\u00bbdefault\u00bb custom_padding=\u00bb10px||||false|false\u00bb custom_padding_tablet=\u00bb30px||||false|false\u00bb custom_padding_phone=\u00bb30px||||false|false\u00bb custom_padding_last_edited=\u00bbon|phone\u00bb animation_direction=\u00bbtop\u00bb global_colors_info=\u00bb{}\u00bb][et_pb_text _builder_version=\u00bb4.27.3&#8243; _module_preset=\u00bbdefault\u00bb header_font=\u00bbPoppins|700|||||||\u00bb header_text_align=\u00bbleft\u00bb header_text_color=\u00bb#b20f0f\u00bb header_font_size=\u00bb82px\u00bb header_letter_spacing=\u00bb-1px\u00bb custom_margin=\u00bb34px||||false|false\u00bb custom_margin_tablet=\u00bb25px||||false|false\u00bb custom_margin_phone=\u00bb-5px||||false|false\u00bb custom_margin_last_edited=\u00bbon|phone\u00bb header_font_size_tablet=\u00bb\u00bb header_font_size_phone=\u00bb45px\u00bb header_font_size_last_edited=\u00bbon|phone\u00bb header_text_shadow_style=\u00bbpreset2&#8243; global_colors_info=\u00bb{}\u00bb]<\/p>\n<h1 style=\"text-align: center;\"><span style=\"color: #ffffff;\">Sobre nosotros<\/span><\/h1>\n<p>[\/et_pb_text][\/et_pb_column][\/et_pb_row][\/et_pb_section][et_pb_section fb_built=\u00bb1&#8243; custom_padding_last_edited=\u00bbon|phone\u00bb _builder_version=\u00bb4.27.2&#8243; _module_preset=\u00bbdefault\u00bb custom_margin=\u00bb||28px|||\u00bb custom_padding=\u00bb21px||21px||true|\u00bb custom_padding_tablet=\u00bb40px||40px||true|\u00bb custom_padding_phone=\u00bb40px||0px||false|false\u00bb global_colors_info=\u00bb{}\u00bb][et_pb_row column_structure=\u00bb1_2,1_2&#8243; use_custom_gutter=\u00bbon\u00bb gutter_width=\u00bb2&#8243; make_equal=\u00bbon\u00bb _builder_version=\u00bb4.27.2&#8243; _module_preset=\u00bbdefault\u00bb width=\u00bb90%\u00bb width_tablet=\u00bb90%\u00bb width_phone=\u00bb90%\u00bb width_last_edited=\u00bbon|tablet\u00bb max_width=\u00bb1170px\u00bb max_width_tablet=\u00bb90%\u00bb max_width_phone=\u00bb90%\u00bb max_width_last_edited=\u00bbon|desktop\u00bb custom_padding=\u00bb0px||6px||false|false\u00bb animation_style=\u00bbzoom\u00bb global_colors_info=\u00bb{}\u00bb][et_pb_column type=\u00bb1_2&#8243; _builder_version=\u00bb4.16&#8243; _module_preset=\u00bbdefault\u00bb global_colors_info=\u00bb{}\u00bb][et_pb_text _builder_version=\u00bb4.27.2&#8243; _module_preset=\u00bbdefault\u00bb header_2_font=\u00bbPoppins|600|||||||\u00bb header_2_text_align=\u00bbleft\u00bb header_2_text_color=\u00bb#000000&#8243; header_2_font_size=\u00bb36px\u00bb hover_enabled=\u00bb0&#8243; header_2_font_size_tablet=\u00bb\u00bb header_2_font_size_phone=\u00bb25px\u00bb header_2_font_size_last_edited=\u00bbon|phone\u00bb global_colors_info=\u00bb{}\u00bb sticky_enabled=\u00bb0&#8243;]<\/p>\n<h2 style=\"text-align: center;\"><span>Camisetas que <span style=\"color: #e02b20;\">sonar\u00e1n<\/span><\/span><\/h2>\n<p>[\/et_pb_text][et_pb_text _builder_version=\u00bb4.27.2&#8243; _module_preset=\u00bbdefault\u00bb text_font=\u00bbSyne||||||||\u00bb text_text_color=\u00bb#4c4c4c\u00bb text_font_size=\u00bb16px\u00bb text_line_height=\u00bb1.8em\u00bb transform_translate_linked=\u00bboff\u00bb text_orientation=\u00bbcenter\u00bb custom_margin=\u00bb-2px||||false|false\u00bb custom_margin_tablet=\u00bb-30px||||false|false\u00bb custom_margin_phone=\u00bb0px||||false|false\u00bb custom_margin_last_edited=\u00bbon|phone\u00bb hover_enabled=\u00bb0&#8243; text_orientation_tablet=\u00bbleft\u00bb text_orientation_phone=\u00bbleft\u00bb text_orientation_last_edited=\u00bbon|phone\u00bb module_alignment_tablet=\u00bbleft\u00bb module_alignment_phone=\u00bbleft\u00bb module_alignment_last_edited=\u00bbon|phone\u00bb global_colors_info=\u00bb{}\u00bb sticky_enabled=\u00bb0&#8243;]<\/p>\n<p style=\"text-align: justify;\"><span>En <strong>Wearsongs<\/strong> combinamos la pasi\u00f3n por la m\u00fasica con el dise\u00f1o exclusivo,\u00a0 para ofrecerte unas camisetas que te hagan cantar tu canci\u00f3n favorita por todos lados.<\/span><\/p>\n<p style=\"text-align: justify;\"><span> Cada camiseta es <strong>creada desde cero<\/strong>, prestando atenci\u00f3n a cada letra de esas canciones que nos acompa\u00f1ar\u00e1n durante toda la vida y luego impresa en materiales de la mejor calidad para que el resultado final sea esa camiseta que no quieres quitarte nunca.<\/span><\/p>\n<p style=\"text-align: justify;\"><strong>\u00a1Vive la m\u00fasica con Wearsongs!<\/strong><\/p>\n<p>[\/et_pb_text][\/et_pb_column][et_pb_column type=\u00bb1_2&#8243; _builder_version=\u00bb4.16&#8243; _module_preset=\u00bbdefault\u00bb global_colors_info=\u00bb{}\u00bb][et_pb_image src=\u00bbhttps:\/\/wearsongs.com\/wp-content\/uploads\/2024\/11\/cropped-WhatsApp-Image-2024-11-21-at-19.18.02.jpeg\u00bb title_text=\u00bbcropped-WhatsApp-Image-2024-11-21-at-19.18.02.jpeg\u00bb disabled_on=\u00bboff|off|off\u00bb _builder_version=\u00bb4.27.3&#8243; _module_preset=\u00bbdefault\u00bb width=\u00bb61%\u00bb module_alignment=\u00bbcenter\u00bb custom_margin=\u00bb57px|||||\u00bb custom_margin_tablet=\u00bb57px|||||\u00bb custom_margin_phone=\u00bb0px||||false|false\u00bb custom_margin_last_edited=\u00bbon|phone\u00bb global_colors_info=\u00bb{}\u00bb][\/et_pb_image][\/et_pb_column][\/et_pb_row][\/et_pb_section]<\/p>\n","protected":false},"excerpt":{"rendered":"<p>Sobre nosotrosCamisetas que sonar\u00e1nEn Wearsongs combinamos la pasi\u00f3n por la m\u00fasica con el dise\u00f1o exclusivo,\u00a0 para ofrecerte unas camisetas que te hagan cantar tu canci\u00f3n favorita por todos lados. Cada camiseta es creada desde cero, prestando atenci\u00f3n a cada letra de esas canciones que nos acompa\u00f1ar\u00e1n durante toda la vida y luego impresa en materiales [&hellip;]<\/p>\n","protected":false},"author":1,"featured_media":0,"parent":0,"menu_order":0,"comment_status":"closed","ping_status":"closed","template":"","meta":{"_et_pb_use_builder":"on","_et_pb_old_content":"","_et_gb_content_width":"","footnotes":""},"class_list":["post-24331","page","type-page","status-publish","hentry"],"_links":{"self":[{"href":"https:\/\/wearsongs.com\/index.php?rest_route=\/wp\/v2\/pages\/24331","targetHints":{"allow":["GET"]}}],"collection":[{"href":"https:\/\/wearsongs.com\/index.php?rest_route=\/wp\/v2\/pages"}],"about":[{"href":"https:\/\/wearsongs.com\/index.php?rest_route=\/wp\/v2\/types\/page"}],"author":[{"embeddable":true,"href":"https:\/\/wearsongs.com\/index.php?rest_route=\/wp\/v2\/users\/1"}],"replies":[{"embeddable":true,"href":"https:\/\/wearsongs.com\/index.php?rest_route=%2Fwp%2Fv2%2Fcomments&post=24331"}],"version-history":[{"count":5,"href":"https:\/\/wearsongs.com\/index.php?rest_route=\/wp\/v2\/pages\/24331\/revisions"}],"predecessor-version":[{"id":26603,"href":"https:\/\/wearsongs.com\/index.php?rest_route=\/wp\/v2\/pages\/24331\/revisions\/26603"}],"wp:attachment":[{"href":"https:\/\/wearsongs.com\/index.php?rest_route=%2Fwp%2Fv2%2Fmedia&parent=24331"}],"curies":[{"name":"wp","href":"https:\/\/api.w.org\/{rel}","templated":true}]}}